{"id":271,"date":"2020-04-29T17:49:08","date_gmt":"2020-04-29T15:49:08","guid":{"rendered":"http:\/\/www.ortimed.opemus.pl\/?page_id=271"},"modified":"2020-05-25T17:48:07","modified_gmt":"2020-05-25T15:48:07","slug":"stomatologia","status":"publish","type":"page","link":"http:\/\/ortimed.pl\/?page_id=271","title":{"rendered":"Stomatologia"},"content":{"rendered":"\t\t<div data-elementor-type=\"wp-page\" data-elementor-id=\"271\" class=\"elementor elementor-271\" data-elementor-settings=\"[]\">\n\t\t\t\t\t\t<div class=\"elementor-inner\">\n\t\t\t\t\t\t\t<div class=\"elementor-section-wrap\">\n\t\t\t\t\t\t\t<section class=\"elementor-section elementor-top-section elementor-element elementor-element-2d83fa6 elementor-section-boxed elementor-section-height-default elementor-section-height-default\" data-id=\"2d83fa6\" data-element_type=\"section\">\n\t\t\t\t\t\t<div class=\"elementor-container elementor-column-gap-default\">\n\t\t\t\t\t\t\t<div class=\"elementor-row\">\n\t\t\t\t\t<div class=\"elementor-column elementor-col-100 elementor-top-column elementor-element elementor-element-aa2efe9\" data-id=\"aa2efe9\" data-element_type=\"column\">\n\t\t\t<div class=\"elementor-column-wrap elementor-element-populated\">\n\t\t\t\t\t\t\t<div class=\"elementor-widget-wrap\">\n\t\t\t\t\t\t<div class=\"elementor-element elementor-element-c89ca69 elementor-widget elementor-widget-heading\" data-id=\"c89ca69\" data-element_type=\"widget\" data-widget_type=\"heading.default\">\n\t\t\t\t<div class=\"elementor-widget-container\">\n\t\t\t<h2 class=\"elementor-heading-title elementor-size-default\">Stomatologia<\/h2>\t\t<\/div>\n\t\t\t\t<\/div>\n\t\t\t\t\t\t<\/div>\n\t\t\t\t\t<\/div>\n\t\t<\/div>\n\t\t\t\t\t\t\t\t<\/div>\n\t\t\t\t\t<\/div>\n\t\t<\/section>\n\t\t\t\t<section class=\"elementor-section elementor-top-section elementor-element elementor-element-c3c3785 elementor-section-boxed elementor-section-height-default elementor-section-height-default\" data-id=\"c3c3785\" data-element_type=\"section\">\n\t\t\t\t\t\t<div class=\"elementor-container elementor-column-gap-default\">\n\t\t\t\t\t\t\t<div class=\"elementor-row\">\n\t\t\t\t\t<div class=\"elementor-column elementor-col-100 elementor-top-column elementor-element elementor-element-c495aa4\" data-id=\"c495aa4\" data-element_type=\"column\">\n\t\t\t<div class=\"elementor-column-wrap elementor-element-populated\">\n\t\t\t\t\t\t\t<div class=\"elementor-widget-wrap\">\n\t\t\t\t\t\t<div class=\"elementor-element elementor-element-37dbf67 elementor-widget elementor-widget-spacer\" data-id=\"37dbf67\" data-element_type=\"widget\" data-widget_type=\"spacer.default\">\n\t\t\t\t<div class=\"elementor-widget-container\">\n\t\t\t\t\t<div class=\"elementor-spacer\">\n\t\t\t<div class=\"elementor-spacer-inner\"><\/div>\n\t\t<\/div>\n\t\t\t\t<\/div>\n\t\t\t\t<\/div>\n\t\t\t\t\t\t<\/div>\n\t\t\t\t\t<\/div>\n\t\t<\/div>\n\t\t\t\t\t\t\t\t<\/div>\n\t\t\t\t\t<\/div>\n\t\t<\/section>\n\t\t\t\t<section class=\"elementor-section elementor-top-section elementor-element elementor-element-6cd330a elementor-section-boxed elementor-section-height-default elementor-section-height-default\" data-id=\"6cd330a\" data-element_type=\"section\">\n\t\t\t\t\t\t<div class=\"elementor-container elementor-column-gap-default\">\n\t\t\t\t\t\t\t<div class=\"elementor-row\">\n\t\t\t\t\t<div class=\"elementor-column elementor-col-50 elementor-top-column elementor-element elementor-element-739b592\" data-id=\"739b592\" data-element_type=\"column\">\n\t\t\t<div class=\"elementor-column-wrap elementor-element-populated\">\n\t\t\t\t\t\t\t<div class=\"elementor-widget-wrap\">\n\t\t\t\t\t\t<div class=\"elementor-element elementor-element-c99b1d3 elementor-widget elementor-widget-text-editor\" data-id=\"c99b1d3\" data-element_type=\"widget\" data-widget_type=\"text-editor.default\">\n\t\t\t\t<div class=\"elementor-widget-container\">\n\t\t\t\t\t<div class=\"elementor-text-editor elementor-clearfix\"><p><b>Stomatologia zachowawcza<\/b><\/p><p><br \/>Stomatologia zachowawcza w <b>Ortimed<\/b> zajmuje si\u0119 leczeniem skutk\u00f3w pr\u00f3chnicy, kt\u00f3ra jest najcz\u0119stsz\u0105 chorob\u0105 z\u0119b\u00f3w. Dzi\u0119ki ci\u0105g\u0142emu ulepszaniu materia\u0142\u00f3w z\u0119by mo\u017cna wype\u0142ni\u0107 materia\u0142em kompozytowym \u015bwiat\u0142outwardzalnym lub glassionomerowym, kt\u00f3re kolorystyk\u0105 i przezierno\u015bci\u0105 imituj\u0105 tkanki z\u0119ba. <br \/>W przypadku pr\u00f3chnicy pocz\u0105tkowej mo\u017cliwe jest leczenie pr\u00f3chnicy bez borowania z\u0119ba. <br \/>Stomatologia zachowawcza zajmuje si\u0119 r\u00f3wnie\u017c leczeniem nadwra\u017cliwo\u015bci z\u0119b\u00f3w, do czego stosujemy preparatu remineralizuj\u0105ce. <br \/>W przypadku znacznego zniszczenia tkanek z\u0119ba, do jego odbudowy stosujemy wk\u0142ady z w\u0142\u00f3knem szklanym.<br \/><br \/><b>Leczenie kana\u0142owe &#8211; ENDODONCJA<\/b><\/p><p><br \/>Leczenie kana\u0142owe w <b>Ortimed<\/b> polega na usuni\u0119ciu nieodwracalnie zmienionej, zainfekowanej miazgi z wn\u0119trza z\u0119ba. W tym celu mechanicznie udra\u017cnia si\u0119 kana\u0142y z\u0119ba oraz p\u0142ucze \u015brodkami odka\u017caj\u0105cymi, a nast\u0119pnie wype\u0142nia specjalnymi materia\u0142ami. Do prawid\u0142owego leczenia kana\u0142owego wymagane jest wykonanie dw\u00f3ch zdj\u0119\u0107 rentgenowskich: przed i po leczeniu. <\/p><p>\u00a0<\/p><p><b>Profilaktyka<\/b><\/p><p><br \/>G\u0142\u00f3wnym celem profilaktyki w <b>Ortimed<\/b> jest usuwanie osad\u00f3w i kamienia naz\u0119bnego, kt\u00f3re sprzyjaj\u0105 powstawaniu pr\u00f3chnicy. <br \/>Profesjonaln\u0105\u00a0 profilaktyk\u0119 rekomendujemy\u00a0 wykonywa\u0107 regularnie co 6 miesi\u0119cy. W jej zakres wchodzi: usuwanie kamienia, piaskowanie, lakowanie i lakierowanie z\u0119b\u00f3w oraz instrukta\u017c higieny jamy ustnej.<br \/>Dobrze zaprojektowana i wykonana profilaktyka przed\u0142u\u017ca \u017cycie i urod\u0119 naszym z\u0119bom warto j\u0105 stosowa\u0107.<\/p><p>\u00a0<\/p><p><b>Stomatologia estetyczna<\/b><\/p><p><br \/>Zajmuje si\u0119 przednim odcinkiem uz\u0119bienia. Daje mo\u017cliwo\u015b\u0107 pokrycia przebarwie\u0144, korekty kszta\u0142tu z\u0119b\u00f3w lub odbudowy z\u0119b\u00f3w przednich po urazach. W tym celu stosuje si\u0119 lic\u00f3wki kompozytowe, lic\u00f3wki ceramiczne lub bezpo\u015bredni\u0105 odbudow\u0119 kompozytow\u0105. <\/p><p>\u00a0<\/p><p><b>Chirurgia<\/b><\/p><p><br \/>W ramach chirurgii zajmujemy si\u0119 usuwaniem z\u0119b\u00f3w sta\u0142ych lub mlecznych, usuwanie z\u0119b\u00f3w zatrzymanych, resekcjami, podcinaniem w\u0119dzide\u0142ek, plastyk\u0105 dzi\u0105s\u0142a oraz wyrostka z\u0119bodo\u0142owego\u00a0 oraz drena\u017cem ropni. <\/p><p>\u00a0<\/p><p><b>Protetyka<\/b><\/p><p><br \/>Leczenie protetyczne polega na odtworzeniu brakuj\u0105cych z\u0119b\u00f3w lub trwa\u0142ej i kosmetycznej ich odbudowie. W naszym gabinecie wykonujemy zar\u00f3wno protezy ruchome (protezy ca\u0142kowite, cz\u0119\u015bciowe, szkieletowe), jak i sta\u0142e (korony, mosty).<\/p><p>\u00a0<\/p><p><b>Implantologia<\/b><\/p><p>\u00a0<\/p><p>Leczenie implantologiczne polega na wprowadzeniu implantu do ko\u015bci, a nast\u0119pnie\u00a0 przymocowaniu do niego korony protetycznej.<\/p><p>\u00a0<\/p><p><b>Radiologia<\/b><\/p><p><b><\/b><br \/>W <b>Ortimed<\/b> istnieje mo\u017cliwo\u015b\u0107 wykonania zdj\u0119\u0107 RTG wewn\u0105trzustnych, panoramicznych oraz cefalometrycznych.<br \/><br \/><\/p><\/div>\n\t\t\t\t<\/div>\n\t\t\t\t<\/div>\n\t\t\t\t\t\t<\/div>\n\t\t\t\t\t<\/div>\n\t\t<\/div>\n\t\t\t\t<div class=\"elementor-column elementor-col-50 elementor-top-column elementor-element elementor-element-5836943\" data-id=\"5836943\" data-element_type=\"column\">\n\t\t\t<div class=\"elementor-column-wrap elementor-element-populated\">\n\t\t\t\t\t\t\t<div class=\"elementor-widget-wrap\">\n\t\t\t\t\t\t<div class=\"elementor-element elementor-element-855c328 elementor-widget elementor-widget-image\" data-id=\"855c328\" data-element_type=\"widget\" data-widget_type=\"image.default\">\n\t\t\t\t<div class=\"elementor-widget-container\">\n\t\t\t\t\t<div class=\"elementor-image\">\n\t\t\t\t\t\t\t\t\t\t<img width=\"550\" height=\"350\" src=\"http:\/\/ortimed.pl\/wp-content\/uploads\/2020\/05\/stomatologia_1.jpg\" class=\"attachment-large size-large\" alt=\"\" loading=\"lazy\" srcset=\"http:\/\/ortimed.pl\/wp-content\/uploads\/2020\/05\/stomatologia_1.jpg 550w, http:\/\/ortimed.pl\/wp-content\/uploads\/2020\/05\/stomatologia_1-300x191.jpg 300w\" sizes=\"(max-width: 550px) 100vw, 550px\" \/>\t\t\t\t\t\t\t\t\t\t\t<\/div>\n\t\t\t\t<\/div>\n\t\t\t\t<\/div>\n\t\t\t\t<div class=\"elementor-element elementor-element-a4f16eb elementor-widget elementor-widget-image\" data-id=\"a4f16eb\" data-element_type=\"widget\" data-widget_type=\"image.default\">\n\t\t\t\t<div class=\"elementor-widget-container\">\n\t\t\t\t\t<div class=\"elementor-image\">\n\t\t\t\t\t\t\t\t\t\t<img width=\"550\" height=\"350\" src=\"http:\/\/ortimed.pl\/wp-content\/uploads\/2020\/05\/stomatologia_3.jpg\" class=\"attachment-large size-large\" alt=\"\" loading=\"lazy\" srcset=\"http:\/\/ortimed.pl\/wp-content\/uploads\/2020\/05\/stomatologia_3.jpg 550w, http:\/\/ortimed.pl\/wp-content\/uploads\/2020\/05\/stomatologia_3-300x191.jpg 300w\" sizes=\"(max-width: 550px) 100vw, 550px\" \/>\t\t\t\t\t\t\t\t\t\t\t<\/div>\n\t\t\t\t<\/div>\n\t\t\t\t<\/div>\n\t\t\t\t<div class=\"elementor-element elementor-element-4350aa5 elementor-widget elementor-widget-image\" data-id=\"4350aa5\" data-element_type=\"widget\" data-widget_type=\"image.default\">\n\t\t\t\t<div class=\"elementor-widget-container\">\n\t\t\t\t\t<div class=\"elementor-image\">\n\t\t\t\t\t\t\t\t\t\t<img width=\"550\" height=\"350\" src=\"http:\/\/ortimed.pl\/wp-content\/uploads\/2020\/05\/stomatologia_4.jpg\" class=\"attachment-large size-large\" alt=\"\" loading=\"lazy\" srcset=\"http:\/\/ortimed.pl\/wp-content\/uploads\/2020\/05\/stomatologia_4.jpg 550w, http:\/\/ortimed.pl\/wp-content\/uploads\/2020\/05\/stomatologia_4-300x191.jpg 300w\" sizes=\"(max-width: 550px) 100vw, 550px\" \/>\t\t\t\t\t\t\t\t\t\t\t<\/div>\n\t\t\t\t<\/div>\n\t\t\t\t<\/div>\n\t\t\t\t<div class=\"elementor-element elementor-element-4bd9471 elementor-widget elementor-widget-image\" data-id=\"4bd9471\" data-element_type=\"widget\" data-widget_type=\"image.default\">\n\t\t\t\t<div class=\"elementor-widget-container\">\n\t\t\t\t\t<div class=\"elementor-image\">\n\t\t\t\t\t\t\t\t\t\t<img width=\"550\" height=\"350\" src=\"http:\/\/ortimed.pl\/wp-content\/uploads\/2020\/05\/stomatologia_2.jpg\" class=\"attachment-large size-large\" alt=\"\" loading=\"lazy\" srcset=\"http:\/\/ortimed.pl\/wp-content\/uploads\/2020\/05\/stomatologia_2.jpg 550w, http:\/\/ortimed.pl\/wp-content\/uploads\/2020\/05\/stomatologia_2-300x191.jpg 300w\" sizes=\"(max-width: 550px) 100vw, 550px\" \/>\t\t\t\t\t\t\t\t\t\t\t<\/div>\n\t\t\t\t<\/div>\n\t\t\t\t<\/div>\n\t\t\t\t\t\t<\/div>\n\t\t\t\t\t<\/div>\n\t\t<\/div>\n\t\t\t\t\t\t\t\t<\/div>\n\t\t\t\t\t<\/div>\n\t\t<\/section>\n\t\t\t\t<section class=\"elementor-section elementor-top-section elementor-element elementor-element-88b5ca5 elementor-section-boxed elementor-section-height-default elementor-section-height-default\" data-id=\"88b5ca5\" data-element_type=\"section\">\n\t\t\t\t\t\t<div class=\"elementor-container elementor-column-gap-default\">\n\t\t\t\t\t\t\t<div class=\"elementor-row\">\n\t\t\t\t\t<div class=\"elementor-column elementor-col-100 elementor-top-column elementor-element elementor-element-569071c\" data-id=\"569071c\" data-element_type=\"column\">\n\t\t\t<div class=\"elementor-column-wrap elementor-element-populated\">\n\t\t\t\t\t\t\t<div class=\"elementor-widget-wrap\">\n\t\t\t\t\t\t<div class=\"elementor-element elementor-element-fd149c1 elementor-widget elementor-widget-spacer\" data-id=\"fd149c1\" data-element_type=\"widget\" data-widget_type=\"spacer.default\">\n\t\t\t\t<div class=\"elementor-widget-container\">\n\t\t\t\t\t<div class=\"elementor-spacer\">\n\t\t\t<div class=\"elementor-spacer-inner\"><\/div>\n\t\t<\/div>\n\t\t\t\t<\/div>\n\t\t\t\t<\/div>\n\t\t\t\t\t\t<\/div>\n\t\t\t\t\t<\/div>\n\t\t<\/div>\n\t\t\t\t\t\t\t\t<\/div>\n\t\t\t\t\t<\/div>\n\t\t<\/section>\n\t\t\t\t\t\t<\/div>\n\t\t\t\t\t\t<\/div>\n\t\t\t\t\t<\/div>\n\t\t","protected":false},"excerpt":{"rendered":"<p>Stomatologia Stomatologia zachowawcza Stomatologia zachowawcza w Ortimed zajmuje si\u0119 leczeniem skutk\u00f3w pr\u00f3chnicy, kt\u00f3ra jest najcz\u0119stsz\u0105 chorob\u0105 z\u0119b\u00f3w. Dzi\u0119ki ci\u0105g\u0142emu ulepszaniu materia\u0142\u00f3w z\u0119by mo\u017cna wype\u0142ni\u0107 materia\u0142em kompozytowym \u015bwiat\u0142outwardzalnym lub glassionomerowym, kt\u00f3re kolorystyk\u0105 i przezierno\u015bci\u0105 imituj\u0105 tkanki z\u0119ba. W przypadku pr\u00f3chnicy pocz\u0105tkowej mo\u017cliwe jest leczenie pr\u00f3chnicy bez borowania z\u0119ba. Stomatologia zachowawcza zajmuje si\u0119 r\u00f3wnie\u017c leczeniem nadwra\u017cliwo\u015bci z\u0119b\u00f3w, [&hellip;]<\/p>\n","protected":false},"author":1,"featured_media":0,"parent":0,"menu_order":0,"comment_status":"closed","ping_status":"closed","template":"","meta":[],"_links":{"self":[{"href":"http:\/\/ortimed.pl\/index.php?rest_route=\/wp\/v2\/pages\/271"}],"collection":[{"href":"http:\/\/ortimed.pl\/index.php?rest_route=\/wp\/v2\/pages"}],"about":[{"href":"http:\/\/ortimed.pl\/index.php?rest_route=\/wp\/v2\/types\/page"}],"author":[{"embeddable":true,"href":"http:\/\/ortimed.pl\/index.php?rest_route=\/wp\/v2\/users\/1"}],"replies":[{"embeddable":true,"href":"http:\/\/ortimed.pl\/index.php?rest_route=%2Fwp%2Fv2%2Fcomments&post=271"}],"version-history":[{"count":7,"href":"http:\/\/ortimed.pl\/index.php?rest_route=\/wp\/v2\/pages\/271\/revisions"}],"predecessor-version":[{"id":400,"href":"http:\/\/ortimed.pl\/index.php?rest_route=\/wp\/v2\/pages\/271\/revisions\/400"}],"wp:attachment":[{"href":"http:\/\/ortimed.pl\/index.php?rest_route=%2Fwp%2Fv2%2Fmedia&parent=271"}],"curies":[{"name":"wp","href":"https:\/\/api.w.org\/{rel}","templated":true}]}}